{"id":40,"date":"2020-09-27T14:32:16","date_gmt":"2020-09-27T14:32:16","guid":{"rendered":"https:\/\/website.d-soft.ch\/?page_id=40"},"modified":"2020-09-27T20:35:13","modified_gmt":"2020-09-27T18:35:13","slug":"ihr-partner-fuer-professionelle-software-entwicklung","status":"publish","type":"page","link":"https:\/\/www.d-soft.ch\/","title":{"rendered":"Ihr Partner f\u00fcr professionelle Software Entwicklung"},"content":{"rendered":"\n<p>Die Dienstleistung von&nbsp;Dioguardi Software&nbsp;umfassen die individuelle&nbsp;Software Entwicklung, Beratung und Schulung.<\/p>\n\n\n\n<p>Aufgrund den langj\u00e4hrigen Erfahrungen entstehen L\u00f6sungen, welche auf Ihre Anforderungen und W\u00fcnsche zugeschnitten sind:<\/p>\n\n\n\n<ul class=\"wp-block-list\"><li>Erstellung von Pflichtenheft, Realisierung und Inbetriebnahme<\/li><li>Weiterentwicklungen von bestehenden Anwendungen<\/li><li>Technologien: DotNet, Microsoft SQL Server, MySQL<\/li><\/ul>\n\n\n\n<p>M\u00f6chten Sie wissen, wie Ihre L\u00f6sung aussehen k\u00f6nnte? Dann z\u00f6gern Sie nicht und nehmen Sie mit Dioguardi Software Kontakt auf.<\/p>\n\n\n\n<p><\/p>\n\n\n\n<p><\/p>\n","protected":false},"excerpt":{"rendered":"<p>Die Dienstleistung von&nbsp;Dioguardi Software&nbsp;umfassen die individuelle&nbsp;Software Entwicklung, Beratung und Schulung. Aufgrund den langj\u00e4hrigen Erfahrungen entstehen L\u00f6sungen, welche auf Ihre Anforderungen und W\u00fcnsche zugeschnitten sind: Erstellung von Pflichtenheft, Realisierung und Inbetriebnahme Weiterentwicklungen von bestehenden Anwendungen Technologien: DotNet, Microsoft SQL Server, MySQL M\u00f6chten Sie wissen, wie Ihre L\u00f6sung aussehen k\u00f6nnte? Dann z\u00f6gern Sie nicht und nehmen Sie&hellip;&nbsp;<a href=\"https:\/\/www.d-soft.ch\/\" rel=\"bookmark\">Weiterlesen &raquo;<span class=\"screen-reader-text\">Ihr Partner f\u00fcr professionelle Software Entwicklung<\/span><\/a><\/p>\n","protected":false},"author":1,"featured_media":0,"parent":0,"menu_order":0,"comment_status":"closed","ping_status":"closed","template":"","meta":{"neve_meta_sidebar":"","neve_meta_container":"","neve_meta_enable_content_width":"","neve_meta_content_width":0,"neve_meta_title_alignment":"","neve_meta_author_avatar":"","neve_post_elements_order":"","neve_meta_disable_header":"","neve_meta_disable_footer":"","neve_meta_disable_title":"","footnotes":""},"class_list":["post-40","page","type-page","status-publish","hentry"],"_links":{"self":[{"href":"https:\/\/www.d-soft.ch\/index.php?rest_route=\/wp\/v2\/pages\/40","targetHints":{"allow":["GET"]}}],"collection":[{"href":"https:\/\/www.d-soft.ch\/index.php?rest_route=\/wp\/v2\/pages"}],"about":[{"href":"https:\/\/www.d-soft.ch\/index.php?rest_route=\/wp\/v2\/types\/page"}],"author":[{"embeddable":true,"href":"https:\/\/www.d-soft.ch\/index.php?rest_route=\/wp\/v2\/users\/1"}],"replies":[{"embeddable":true,"href":"https:\/\/www.d-soft.ch\/index.php?rest_route=%2Fwp%2Fv2%2Fcomments&post=40"}],"version-history":[{"count":3,"href":"https:\/\/www.d-soft.ch\/index.php?rest_route=\/wp\/v2\/pages\/40\/revisions"}],"predecessor-version":[{"id":75,"href":"https:\/\/www.d-soft.ch\/index.php?rest_route=\/wp\/v2\/pages\/40\/revisions\/75"}],"wp:attachment":[{"href":"https:\/\/www.d-soft.ch\/index.php?rest_route=%2Fwp%2Fv2%2Fmedia&parent=40"}],"curies":[{"name":"wp","href":"https:\/\/api.w.org\/{rel}","templated":true}]}}