{"id":106,"date":"2020-09-28T07:39:35","date_gmt":"2020-09-28T05:39:35","guid":{"rendered":"https:\/\/website.d-soft.ch\/?page_id=106"},"modified":"2020-09-28T07:39:36","modified_gmt":"2020-09-28T05:39:36","slug":"dsadressbook-die-vereinsadressverwaltung","status":"publish","type":"page","link":"https:\/\/www.d-soft.ch\/?page_id=106","title":{"rendered":"DSAdressBook &#8211; die Vereinsadressverwaltung"},"content":{"rendered":"\n<p>Verwalten Sie Ihre Adressen mit Excel oder m\u00f6chten Sie Ihren Vorstandsmitgliedern zu jeder Tageszeit Zugriff auf die Adressdaten erm\u00f6glichen? Dann ist DSAdressBook genau die richtige Wahl f\u00fcr Ihre Adressverwaltung. DSAdressBook ist einfach in der Bedienung und beinhaltet alle notwendigen Funktionen f\u00fcr die effiziente Adressverwaltung.<\/p>\n\n\n\n<ul class=\"wp-block-list\"><li>Hauptfenster mit den wichtigsten Informationen<\/li><li>Ausdruck auf Etiketten und Briefumschl\u00e4gen<\/li><li>Serienbrieffunktion,&nbsp;Excel und XML Datenexport<\/li><li>Multi-Benutzer Betrieb \u00fcber internes Netzwerk oder Internet<\/li><li>Berechtigungsvergaben<\/li><li>Umfangreiche Filterm\u00f6glichkeiten<\/li><\/ul>\n\n\n\n<figure class=\"wp-block-image\"><img decoding=\"async\" src=\"https:\/\/www.d-soft.ch\/attachments\/Image\/dsadressbook.jpg?template=generic\" alt=\"\"\/><\/figure>\n","protected":false},"excerpt":{"rendered":"<p>Verwalten Sie Ihre Adressen mit Excel oder m\u00f6chten Sie Ihren Vorstandsmitgliedern zu jeder Tageszeit Zugriff auf die Adressdaten erm\u00f6glichen? Dann ist DSAdressBook genau die richtige Wahl f\u00fcr Ihre Adressverwaltung. DSAdressBook ist einfach in der Bedienung und beinhaltet alle notwendigen Funktionen f\u00fcr die effiziente Adressverwaltung. Hauptfenster mit den wichtigsten Informationen Ausdruck auf Etiketten und Briefumschl\u00e4gen Serienbrieffunktion,&nbsp;Excel&hellip;&nbsp;<a href=\"https:\/\/www.d-soft.ch\/?page_id=106\" rel=\"bookmark\">Weiterlesen &raquo;<span class=\"screen-reader-text\">DSAdressBook &#8211; die Vereinsadressverwaltung<\/span><\/a><\/p>\n","protected":false},"author":1,"featured_media":0,"parent":0,"menu_order":0,"comment_status":"closed","ping_status":"closed","template":"","meta":{"neve_meta_sidebar":"","neve_meta_container":"","neve_meta_enable_content_width":"","neve_meta_content_width":0,"neve_meta_title_alignment":"","neve_meta_author_avatar":"","neve_post_elements_order":"","neve_meta_disable_header":"","neve_meta_disable_footer":"","neve_meta_disable_title":"","footnotes":""},"class_list":["post-106","page","type-page","status-publish","hentry"],"_links":{"self":[{"href":"https:\/\/www.d-soft.ch\/index.php?rest_route=\/wp\/v2\/pages\/106","targetHints":{"allow":["GET"]}}],"collection":[{"href":"https:\/\/www.d-soft.ch\/index.php?rest_route=\/wp\/v2\/pages"}],"about":[{"href":"https:\/\/www.d-soft.ch\/index.php?rest_route=\/wp\/v2\/types\/page"}],"author":[{"embeddable":true,"href":"https:\/\/www.d-soft.ch\/index.php?rest_route=\/wp\/v2\/users\/1"}],"replies":[{"embeddable":true,"href":"https:\/\/www.d-soft.ch\/index.php?rest_route=%2Fwp%2Fv2%2Fcomments&post=106"}],"version-history":[{"count":2,"href":"https:\/\/www.d-soft.ch\/index.php?rest_route=\/wp\/v2\/pages\/106\/revisions"}],"predecessor-version":[{"id":119,"href":"https:\/\/www.d-soft.ch\/index.php?rest_route=\/wp\/v2\/pages\/106\/revisions\/119"}],"wp:attachment":[{"href":"https:\/\/www.d-soft.ch\/index.php?rest_route=%2Fwp%2Fv2%2Fmedia&parent=106"}],"curies":[{"name":"wp","href":"https:\/\/api.w.org\/{rel}","templated":true}]}}